{"id":2611,"date":"2022-01-30T00:42:15","date_gmt":"2022-01-29T23:42:15","guid":{"rendered":"https:\/\/test.elementscasino.cz\/zodpovedne-hrani\/"},"modified":"2023-07-20T10:12:33","modified_gmt":"2023-07-20T08:12:33","slug":"verantwortungsvolles-spielen","status":"publish","type":"page","link":"https:\/\/www.elementscasino.cz\/de\/verantwortungsvolles-spielen\/","title":{"rendered":"Verantwortungsvolles Spielen"},"content":{"rendered":"<h2>Regeln f\u00fcr verantwortungsvolles Spielen<\/h2>\n<p>Das Spielen im Casino kann gewisse Risiken aufweisen. Daher sollten Sie die folgenden Regeln befolgen, um sie zu vermeiden.<\/p>\n<ul>\n<li>Betrachten Sie Casinospiele immer als Spa\u00df, nicht als Mittel, um reich zu werden.<\/li>\n<li>Nutzen Sie Gl\u00fccksspiele im Casino nicht als Flucht vor schwierigen Lebenssituationen.<\/li>\n<li>Machen Sie sich mit den Betriebsregeln des Casinos vertraut und befolgen Sie diese.<\/li>\n<li>Legen Sie Ihr Spiellimit im Voraus fest und \u00fcberschreiten Sie es nicht.<\/li>\n<li>Leihen Sie sich niemals Geld f\u00fcr das Spielen.<\/li>\n<li>Spielen Sie nicht unter dem Einfluss von Alkohol, Drogen oder anderen psychotropen Substanzen, die Ihr Urteilsverm\u00f6gen beeintr\u00e4chtigen k\u00f6nnten.<\/li>\n<li>Rechnen Sie damit, dass Sie Ihren Einsatz sowohl gewinnen (d. h. vervielfachen) als auch verlieren k\u00f6nnen.<\/li>\n<li>\u00dcberpr\u00fcfen Sie regelm\u00e4\u00dfig Ihre Spieldaten &#8211; Spielzeit, Einsatzh\u00f6he, Gewinne und Verluste.<\/li>\n<li>Machen Sie sich im Voraus mit jedem Spiel vertraut und informieren Sie sich \u00fcber dessen Regeln, Vorteile und Risiken. W\u00e4hlen Sie die Spiele aus, die am besten zu Ihnen passen.<\/li>\n<li>Halten Sie sich an die Regeln der einzelnen Spiele und vermeiden Sie Betrug.<\/li>\n<li>Besuchen Sie nur legale Einrichtungen.<\/li>\n<\/ul>\n<p>&nbsp;<\/p>\n<hr \/>\n<p>&nbsp;<\/p>\n<h2>Spiellimits<\/h2>\n<p>Das Gl\u00fccksspielgesetz (Nr. 186\/2016 Slg.), das seit dem 1. Januar 2017 in Kraft ist, erlaubt es Gl\u00fccksspielteilnehmern, ihre eigenen selbstbegrenzenden Ma\u00dfnahmen &#8211; sogenannte Spiellimits &#8211; festzulegen. Diese Limits dienen dazu, die Risikofaktoren des Gl\u00fccksspiels zu beseitigen.<\/p>\n<p>Spiellimits k\u00f6nnen von jedem Spieler bei der Erstregistrierung oder bei jedem weiteren Besuch im Casino (Spielhalle) festgelegt werden. Diese selbstbeschr\u00e4nkenden Ma\u00dfnahmen werden in drei Gruppen eingeteilt: finanzielle Limits, Limits zur Begrenzung der Spieldauer und Limits zur Begrenzung der Anzahl der Eins\u00e4tze im Casino.<\/p>\n<p>Die Festlegung von Limits ist freiwillig, und es k\u00f6nnen alle oder nur einige von ihnen festgelegt werden. Sie k\u00f6nnen auch jederzeit auf Wunsch des Spielers angepasst werden. M\u00f6chte der Spieler sie versch\u00e4rfen, wird die \u00c4nderung sofort wirksam. M\u00f6chte er sie hingegen lockern, werden die Anpassungen erst am achten Tag nach der Antragstellung wirksam. Durch diese zeitliche Verz\u00f6gerung wird verhindert, dass das verantwortungsvolle Spiel in Zeiten, in denen die Selbstkontrolle des Spielers geschw\u00e4cht ist, beeintr\u00e4chtigt wird.<\/p>\n<p>Setzt ein Spieler mehr als ein Limit gleichzeitig, wird sein weiteres Spiel durch das am strengsten gesetzte Limit gestoppt. Erst wenn das Limit abgelaufen ist, darf er wieder spielen.<\/p>\n<p><strong>Arten von Spiellimits:<\/strong><\/p>\n<ul>\n<li>H\u00f6he des Maximaleinsatzes pro 1 Tag \/ pro 1 Monat<\/li>\n<li>H\u00f6he des maximalen Nettoverlusts in 1 Tag \/ in 1 Monat<\/li>\n<li>Maximale Anzahl an Anmeldungen in einem Monat<\/li>\n<li>Maximales Zeitlimit f\u00fcr die t\u00e4gliche Anmeldung (bis zur automatischen Abmeldung)<\/li>\n<li>Mindestzeit, f\u00fcr die das Spielen nicht erlaubt ist (nach dem Abmelden)<\/li>\n<\/ul>\n<p>&nbsp;<\/p>\n<hr \/>\n<p>&nbsp;<\/p>\n<h2>Ein kurzer Spielsuchttest<\/h2>\n<p>Dieser Schnelltest kann Symptome einer Spielsucht aufdecken.<\/p>\n<p>Beantworten Sie die folgenden einfachen Fragen wahrheitsgem\u00e4\u00df:<\/p>\n<table class=\"table table-striped my-5 border-top\">\n<tbody>\n<tr>\n<th scope=\"row\">1.<\/th>\n<td>Ich gebe st\u00e4ndig mehr Geld f\u00fcr das Spielen aus, als ich mir ohne weiteres leisten kann.<\/td>\n<td>JA \/ NEIN<\/td>\n<\/tr>\n<tr>\n<th scope=\"row\">2.<\/th>\n<td>Ich habe den Vorsatz, weniger zu spielen, aber ich schaffe es scheinbar nicht, ihn umzusetzen.<\/td>\n<td>JA \/ NEIN<\/td>\n<\/tr>\n<tr>\n<th scope=\"row\">3.<\/th>\n<td>Ich versuche, die Wette und das verlorene Geld mit einem neuen Spiel zur\u00fcckzugewinnen.<\/td>\n<td>JA \/ NEIN<\/td>\n<\/tr>\n<tr>\n<th scope=\"row\">4.<\/th>\n<td>Manchmal leihe ich mir Geld zum Spielen.<\/td>\n<td>JA \/ NEIN<\/td>\n<\/tr>\n<tr>\n<th scope=\"row\">5.<\/th>\n<td>Wegen des Spiels habe ich keine Zeit f\u00fcr Familie, Freunde und andere Hobbys.<\/td>\n<td>JA \/ NEIN<\/td>\n<\/tr>\n<tr>\n<th scope=\"row\">6.<\/th>\n<td>Wenn ich nicht zum Spielen rausgehen kann, f\u00fchle ich mich unruhig, nerv\u00f6s und gereizt.<\/td>\n<td>JA \/ NEIN<\/td>\n<\/tr>\n<tr>\n<th scope=\"row\">7.<\/th>\n<td>Ich laufe oft vor meinen eigenen Problemen und Sorgen davon, indem ich spiele.<\/td>\n<td>JA \/ NEIN<\/td>\n<\/tr>\n<\/tbody>\n<\/table>\n<p>Wenn Sie mehr als vier Fragen mit JA beantwortet haben, k\u00f6nnte dies das erste Anzeichen daf\u00fcr sein, dass Gl\u00fccksspiel ein Problem und ein potenzielles Risiko f\u00fcr Sie darstellt. Untersch\u00e4tzen Sie diese Tatsache nicht, im Gegenteil, denken Sie \u00fcber die Ver\u00e4nderung nach. Vertrauen Sie Experten Ihre Situation an und bitten Sie sie um Rat oder Hilfe.<\/p>\n<p>&nbsp;<\/p>\n<hr \/>\n<p>&nbsp;<\/p>\n<h2>Suchtpr\u00e4vention<\/h2>\n<p>Wenn Sie Anzeichen einer Spielsucht zeigen, empfehlen wir Ihnen, sich zun\u00e4chst an die n\u00e4chstgelegene psychologische Beratungsstelle zu wenden. Eine Beratung bringt in der Regel schnelle Ergebnisse und Sie k\u00f6nnen die Situation in relativ kurzer Zeit unter Kontrolle haben.<\/p>\n<p>Wenn Sie das Problem jedoch \u00fcber l\u00e4ngere Zeit nicht l\u00f6sen k\u00f6nnen und sich Ihre Spielsucht nicht bessert oder verschlimmert, empfehlen wir Ihnen, sich an spezialisierte Institutionen zu wenden oder professionelle Hilfe in Anspruch zu nehmen.<\/p>\n","protected":false},"excerpt":{"rendered":"<p>Regeln f\u00fcr verantwortungsvolles Spielen Das Spielen im Casino kann gewisse Risiken aufweisen. Daher sollten Sie die folgenden Regeln befolgen, um sie zu vermeiden. Betrachten Sie Casinospiele immer als Spa\u00df, nicht als Mittel, um reich zu werden. Nutzen Sie Gl\u00fccksspiele im Casino nicht als Flucht vor schwierigen Lebenssituationen. Machen Sie sich mit den Betriebsregeln des Casinos [&hellip;]<\/p>\n","protected":false},"author":2,"featured_media":0,"parent":0,"menu_order":0,"comment_status":"closed","ping_status":"closed","template":"","meta":{"inline_featured_image":false,"footnotes":""},"class_list":["post-2611","page","type-page","status-publish","hentry"],"acf":[],"_links":{"self":[{"href":"https:\/\/www.elementscasino.cz\/de\/wp-json\/wp\/v2\/pages\/2611"}],"collection":[{"href":"https:\/\/www.elementscasino.cz\/de\/wp-json\/wp\/v2\/pages"}],"about":[{"href":"https:\/\/www.elementscasino.cz\/de\/wp-json\/wp\/v2\/types\/page"}],"author":[{"embeddable":true,"href":"https:\/\/www.elementscasino.cz\/de\/wp-json\/wp\/v2\/users\/2"}],"replies":[{"embeddable":true,"href":"https:\/\/www.elementscasino.cz\/de\/wp-json\/wp\/v2\/comments?post=2611"}],"version-history":[{"count":4,"href":"https:\/\/www.elementscasino.cz\/de\/wp-json\/wp\/v2\/pages\/2611\/revisions"}],"predecessor-version":[{"id":2950,"href":"https:\/\/www.elementscasino.cz\/de\/wp-json\/wp\/v2\/pages\/2611\/revisions\/2950"}],"wp:attachment":[{"href":"https:\/\/www.elementscasino.cz\/de\/wp-json\/wp\/v2\/media?parent=2611"}],"curies":[{"name":"wp","href":"https:\/\/api.w.org\/{rel}","templated":true}]}}