{"id":2615,"date":"2022-02-07T18:04:46","date_gmt":"2022-02-07T17:04:46","guid":{"rendered":"https:\/\/test.elementscasino.cz\/kariera\/"},"modified":"2024-11-12T13:26:07","modified_gmt":"2024-11-12T12:26:07","slug":"kariere","status":"publish","type":"page","link":"https:\/\/www.elementscasino.cz\/de\/kariere\/","title":{"rendered":"Machen Sie Kariere im Elements Casino!"},"content":{"rendered":"<p>Arbeiten Sie gerne in einer angenehmen Umgebung und in einem freundlichen Team? Schreiben Sie uns oder rufen Sie uns an. Wir w\u00fcrden uns freuen, Sie kennen zu lernen und die Details in einem pers\u00f6nlichen Gespr\u00e4ch zu besprechen.<\/p>\n<p><strong>Telefon:<\/strong> <a href=\"tel:+420739778369\">+420 739 778 369<\/a><\/p>\n<p><strong>E-Mail:<\/strong> <a href=\"mailto:pomezi@elementscasino.cz\">pomezi@elementscasino.cz<\/a><\/p>\n<p>Zurzeit haben wir in unserem Team keine offenen Stellen.<\/p>\n<p><!--\n\n\n<p><a href=\"https:\/\/www.elementscasino.cz\/de\/job_offer\/croupier-fuer-livespiele\/\">Croupier f\u00fcr Livespiele (m,w,d)<\/a><\/p>\n\n\n\n\n<p><a href=\"https:\/\/www.elementscasino.cz\/de\/job_offer\/mitarbeiter-der-reinigung\/\">Mitarbeiter der Reinigung (m,w,d)<\/a><\/p>\n\n\n\n\n<p><a href=\"https:\/\/www.elementscasino.cz\/de\/job_offer\/mitarbeiter-im-gastrobereich\/\">Mitarbeiter im Gastrobereich<\/a><\/p>\n\n\n\n\n<p><a href=\"https:\/\/www.elementscasino.cz\/de\/job_offer\/rezeptionist-barkeeper\/\">Rezeptionist \/ Barkeeper (m,w,d)<\/a><\/p>\n\n\n--><\/p>\n","protected":false},"excerpt":{"rendered":"<p>Arbeiten Sie gerne in einer angenehmen Umgebung und in einem freundlichen Team? Schreiben Sie uns oder rufen Sie uns an. Wir w\u00fcrden uns freuen, Sie kennen zu lernen und die Details in einem pers\u00f6nlichen Gespr\u00e4ch zu besprechen. Telefon: +420 739 778 369 E-Mail: pomezi@elementscasino.cz Zurzeit haben wir in unserem Team keine offenen Stellen.<\/p>\n","protected":false},"author":2,"featured_media":0,"parent":0,"menu_order":0,"comment_status":"closed","ping_status":"closed","template":"","meta":{"inline_featured_image":false,"footnotes":""},"class_list":["post-2615","page","type-page","status-publish","hentry"],"acf":[],"_links":{"self":[{"href":"https:\/\/www.elementscasino.cz\/de\/wp-json\/wp\/v2\/pages\/2615"}],"collection":[{"href":"https:\/\/www.elementscasino.cz\/de\/wp-json\/wp\/v2\/pages"}],"about":[{"href":"https:\/\/www.elementscasino.cz\/de\/wp-json\/wp\/v2\/types\/page"}],"author":[{"embeddable":true,"href":"https:\/\/www.elementscasino.cz\/de\/wp-json\/wp\/v2\/users\/2"}],"replies":[{"embeddable":true,"href":"https:\/\/www.elementscasino.cz\/de\/wp-json\/wp\/v2\/comments?post=2615"}],"version-history":[{"count":3,"href":"https:\/\/www.elementscasino.cz\/de\/wp-json\/wp\/v2\/pages\/2615\/revisions"}],"predecessor-version":[{"id":5767,"href":"https:\/\/www.elementscasino.cz\/de\/wp-json\/wp\/v2\/pages\/2615\/revisions\/5767"}],"wp:attachment":[{"href":"https:\/\/www.elementscasino.cz\/de\/wp-json\/wp\/v2\/media?parent=2615"}],"curies":[{"name":"wp","href":"https:\/\/api.w.org\/{rel}","templated":true}]}}