{"id":2619,"date":"2022-01-27T19:07:32","date_gmt":"2022-01-27T18:07:32","guid":{"rendered":"https:\/\/test.elementscasino.cz\/elements-casino-pomezi-nad-ohri\/"},"modified":"2024-10-07T21:49:29","modified_gmt":"2024-10-07T19:49:29","slug":"elements-casino-pomezi-nad-ohri","status":"publish","type":"page","link":"https:\/\/www.elementscasino.cz\/de\/elements-casino-pomezi-nad-ohri\/","title":{"rendered":"Casino Pomez\u00ed nad Oh\u0159\u00ed"},"content":{"rendered":"","protected":false},"excerpt":{"rendered":"","protected":false},"author":2,"featured_media":0,"parent":0,"menu_order":0,"comment_status":"closed","ping_status":"closed","template":"templates\/casino-detail-page.php","meta":{"inline_featured_image":false,"footnotes":""},"class_list":["post-2619","page","type-page","status-publish","hentry"],"acf":[],"_links":{"self":[{"href":"https:\/\/www.elementscasino.cz\/de\/wp-json\/wp\/v2\/pages\/2619"}],"collection":[{"href":"https:\/\/www.elementscasino.cz\/de\/wp-json\/wp\/v2\/pages"}],"about":[{"href":"https:\/\/www.elementscasino.cz\/de\/wp-json\/wp\/v2\/types\/page"}],"author":[{"embeddable":true,"href":"https:\/\/www.elementscasino.cz\/de\/wp-json\/wp\/v2\/users\/2"}],"replies":[{"embeddable":true,"href":"https:\/\/www.elementscasino.cz\/de\/wp-json\/wp\/v2\/comments?post=2619"}],"version-history":[{"count":3,"href":"https:\/\/www.elementscasino.cz\/de\/wp-json\/wp\/v2\/pages\/2619\/revisions"}],"predecessor-version":[{"id":5357,"href":"https:\/\/www.elementscasino.cz\/de\/wp-json\/wp\/v2\/pages\/2619\/revisions\/5357"}],"wp:attachment":[{"href":"https:\/\/www.elementscasino.cz\/de\/wp-json\/wp\/v2\/media?parent=2619"}],"curies":[{"name":"wp","href":"https:\/\/api.w.org\/{rel}","templated":true}]}}