{"id":4447,"date":"2024-04-10T21:30:37","date_gmt":"2024-04-10T19:30:37","guid":{"rendered":"https:\/\/www.elementscasino.cz\/elements-jackpot\/"},"modified":"2025-10-20T18:31:31","modified_gmt":"2025-10-20T16:31:31","slug":"elements-jackpot","status":"publish","type":"page","link":"https:\/\/www.elementscasino.cz\/de\/elements-jackpot\/","title":{"rendered":"Elements Casino Jackpot"},"content":{"rendered":"<h1>Jackpot Elements Casino<\/h1>\n<h2>\nV\u00cdCE\u00daROV\u0147OV\u00dd JACKPOT<\/h2>\n<p>Mo\u017enost v\u00fdhry jackpotu je v ELEMENTS CASINO n\u011bkolikan\u00e1sobn\u011b vy\u0161\u0161\u00ed d\u00edky tomu, \u017ee m\u00e1me v nab\u00eddce v\u00edce jejich variant. Na\u0161im hr\u00e1\u010d\u016fm se takto nab\u00edz\u00ed v r\u00e1mci v\u00edce\u00farov\u0148ov\u00e9ho centr\u00e1ln\u00edho jackpotu varianty BRONZE, SILVER a GOLD. Samostatnou kategori\u00ed jackpotu je varianta APEX. Za\u017eijte i Vy pocit tento pocit nap\u011bt\u00ed a vzru\u0161en\u00ed mo\u017enosti v\u00fdher n\u011bkter\u00e9ho z jackpot\u016f!<\/p>\n<h2>\nP\u0158IJ\u010eTE SI I VY PRO SV\u016eJ JACKPOT<\/h2>\n<p>Hr\u00e1\u010di v Elements Casino oce\u0148uj\u00ed velikost jackpotu i p\u0159\u00edjemn\u00e9 nap\u011bt\u00ed a vzru\u0161en\u00ed samotn\u00e9 chv\u00edle v\u00fdhry vysok\u00e9 \u010d\u00e1stky. V\u00fd\u0161i jednotliv\u00fdch jackpot\u016f je mo\u017en\u00e9 sledovat v Elements Casino na obrazovk\u00e1ch, ale tak\u00e9 na webov\u00fdch str\u00e1nk\u00e1ch. Jsme hrd\u00ed na to, \u017ee hr\u00e1\u010di si odn\u00e1\u0161\u00ed vysok\u00e9 v\u00fdhry.<\/p>\n","protected":false},"excerpt":{"rendered":"<p>Jackpot Elements Casino V\u00cdCE\u00daROV\u0147OV\u00dd JACKPOT Mo\u017enost v\u00fdhry jackpotu je v ELEMENTS CASINO n\u011bkolikan\u00e1sobn\u011b vy\u0161\u0161\u00ed d\u00edky tomu, \u017ee m\u00e1me v nab\u00eddce v\u00edce jejich variant. Na\u0161im hr\u00e1\u010d\u016fm se takto nab\u00edz\u00ed v r\u00e1mci v\u00edce\u00farov\u0148ov\u00e9ho centr\u00e1ln\u00edho jackpotu varianty BRONZE, SILVER a GOLD. Samostatnou kategori\u00ed jackpotu je varianta APEX. Za\u017eijte i Vy pocit tento pocit nap\u011bt\u00ed a vzru\u0161en\u00ed mo\u017enosti v\u00fdher [&hellip;]<\/p>\n","protected":false},"author":7,"featured_media":0,"parent":0,"menu_order":0,"comment_status":"closed","ping_status":"closed","template":"templates\/half-half-column-page.php","meta":{"inline_featured_image":false,"footnotes":""},"class_list":["post-4447","page","type-page","status-publish","hentry"],"acf":[],"_links":{"self":[{"href":"https:\/\/www.elementscasino.cz\/de\/wp-json\/wp\/v2\/pages\/4447"}],"collection":[{"href":"https:\/\/www.elementscasino.cz\/de\/wp-json\/wp\/v2\/pages"}],"about":[{"href":"https:\/\/www.elementscasino.cz\/de\/wp-json\/wp\/v2\/types\/page"}],"author":[{"embeddable":true,"href":"https:\/\/www.elementscasino.cz\/de\/wp-json\/wp\/v2\/users\/7"}],"replies":[{"embeddable":true,"href":"https:\/\/www.elementscasino.cz\/de\/wp-json\/wp\/v2\/comments?post=4447"}],"version-history":[{"count":4,"href":"https:\/\/www.elementscasino.cz\/de\/wp-json\/wp\/v2\/pages\/4447\/revisions"}],"predecessor-version":[{"id":8300,"href":"https:\/\/www.elementscasino.cz\/de\/wp-json\/wp\/v2\/pages\/4447\/revisions\/8300"}],"wp:attachment":[{"href":"https:\/\/www.elementscasino.cz\/de\/wp-json\/wp\/v2\/media?parent=4447"}],"curies":[{"name":"wp","href":"https:\/\/api.w.org\/{rel}","templated":true}]}}